{"id":216,"date":"2014-09-24T18:14:32","date_gmt":"2014-09-24T18:14:32","guid":{"rendered":"http:\/\/c3t-utn.com.ar\/?page_id=216"},"modified":"2018-03-07T23:20:20","modified_gmt":"2018-03-07T23:20:20","slug":"transito-y-seguridad-vial","status":"publish","type":"page","link":"https:\/\/c3t-utn.ar\/?page_id=216","title":{"rendered":"Tr\u00e1nsito y Seguridad Vial"},"content":{"rendered":"<h3>Trabajos publicados sobre Tr\u00e1nsito y Seguridad Vial<\/h3>\n<!-- NOTE: If you need to make changes to this file, copy it to your current theme's main\n\tdirectory so your changes won't be overwritten when the plugin is upgraded. -->\n\n<!-- Start of Post Wrap -->\n<div class=\"post hentry ivycat-post\">\n\t<!-- This is the output of the post TITLE -->\n\t<h2 class=\"entry-title\"><a href=\"https:\/\/c3t-utn.ar\/?p=1232\"><strong>Diplomatura 2023 en \u201cTransporte, Movilidad, Seguridad Vial y Log\u00edstica\u201d en la UTN *<\/strong> <\/a><\/h2>\n\t<\/br>\n\t<b><i>16 febrero, 2023<\/i><\/b> <!-- Agrego fecha en el POST. DAS 17\/10\/2017. Lo bajo una fila. DAS 07\/03\/2018-->\n\n\t<!-- This is the output of the EXCERPT -->\n\t<div class=\"entry-summary\">\n\t\t <!-- COMENTADO PORQUE NO MOSTRABA INFO COMPLETA. SE CAMBIO A THE_CONTENT. DAS 17\/10\/2017 -->\n\t\t\n<p><strong>&nbsp;Inscripci\u00f3n Abierta<\/strong><\/p>\n\n\n\n<p>&nbsp;(<em>Inscripci\u00f3n on-line)<\/em><\/p>\n\n\n\n<p>El C3T (Centro Tecnol\u00f3gico de Transporte, Tr\u00e1nsito y Seguridad Vial) de la Universidad Tecnol\u00f3gica Nacional presenta la Diplomatura 2023 en Transporte, Movilidad, Seguridad Vial y Log\u00edstica, con fecha de inicio el 01 de abril.<\/p>\n\n\n\n<p>Mediante este comunicado se anuncia la apertura de inscripciones para la Diplomatura 2023.<\/p>\n\n\n\n<p><em>Objetivos:<\/em><\/p>\n\n\n\n<p>Formar profesionales con aptitudes para realizar actividades de capacitaci\u00f3n, gesti\u00f3n, planificaci\u00f3n y operaci\u00f3n en las \u00e1reas de transporte, log\u00edstica y seguridad vial, mediante la aplicaci\u00f3n de conocimientos sobre tr\u00e1nsito, seguridad vial, sistemas inteligentes de transporte, infraestructura de transporte, veh\u00edculos y mantenimiento, aspectos socioculturales y medioambientales del transporte.<\/p>\n\n\n\n<p>La diplomatura brinda competencias para desarrollar actividades tanto en el \u00e1mbito p\u00fablico como privado mediante el perfeccionamiento y la adquisici\u00f3n de conocimientos t\u00e9cnicos sobre la tem\u00e1tica.&nbsp;<\/p>\n\n\n\n<p><\/p>\n\n\n\n<p><em>Contenidos:<\/em><\/p>\n\n\n\n<ul><li>Unidad 1: Transporte de Pasajeros<\/li><li>Unidad 2: Transporte de Cargas<\/li><li>Unidad 3: Infraestructura y Sistemas Inteligentes de Transporte<\/li><li>Unidad 4: Movilidad, Seguridad Vial y Externalidades<\/li><li>Unidad 5: Log\u00edstica<\/li><li>Unidad 6: Trabajo Pr\u00e1ctico integrador<\/li><\/ul>\n\n\n\n<p><\/p>\n\n\n\n<p><em>Detalles de dictado:<\/em><\/p>\n\n\n\n<p><strong><em>Duraci\u00f3n<\/em><\/strong><strong>:<\/strong> Un a\u00f1o<\/p>\n\n\n\n<p><strong><em>Carga horaria:<\/em><\/strong> 192 horas (incluye actividades sincr\u00f3nicas y asincr\u00f3nica)<\/p>\n\n\n\n<p><strong><em>D\u00edas de dictado:<\/em><\/strong> s\u00e1bados.<\/p>\n\n\n\n<p><strong><em>Actividades:<\/em><\/strong><em><\/em><\/p>\n\n\n\n<ul><li>Trabajos grupales<\/li><li>Trabajos individuales<\/li><li>Trabajos de campo<\/li><li>Evaluaciones individuales y grupales<\/li><li>Exposiciones grupales<\/li><\/ul>\n\n\n\n<p><strong><em>Material de apoyo:<\/em><\/strong><em><\/em><\/p>\n\n\n\n<ul><li>Clases sincr\u00f3nicas y asincr\u00f3nicas<\/li><li>Materiales de estudio. Videos y presentaciones.<\/li><li>Material de lectura y trabajos de investigaci\u00f3n en diversos formatos.<\/li><\/ul>\n\n\n\n<p><a href=\"https:\/\/docs.google.com\/document\/d\/1NbjrYcWY243_sqCFhaVuDpZx0ps2ewWp\/edit?usp=share_link&amp;ouid=113713750362321582776&amp;rtpof=true&amp;sd=true\"><\/a><\/p>\n\n\n\n<p><a href=\"https:\/\/docs.google.com\/document\/d\/1NbjrYcWY243_sqCFhaVuDpZx0ps2ewWp\/edit?usp=share_link&amp;ouid=113713750362321582776&amp;rtpof=true&amp;sd=true\">Ver Programa de contenidos<\/a><\/p>\n\n\n\n<p><em>Consultas e inscripciones:<\/em><\/p>\n\n\n\n<ul><li>Correo:&nbsp;diplomaturatransporte2023@gmail.com<\/li><\/ul>\n\n\n\n<p><\/p>\n\n\n\n<p class=\"has-small-font-size\"><em>* Formaci\u00f3n arancelada<\/em><\/p>\n\t<\/div>\n\n\t<!-- This is the output of the META information -->\n\t<div class=\"entry-utility\">\n\t\t\t\t\t<span class=\"cat-links\">\n\t\t\t\t<span class=\"entry-utility-prep entry-utility-prep-cat-links\">Publicado en<\/span> <a href=\"https:\/\/c3t-utn.ar\/?cat=1\" rel=\"category\">Novedades<\/a>, <a href=\"https:\/\/c3t-utn.ar\/?cat=41\" rel=\"category\">Tr\u00e1nsito y Seguridad Vial<\/a>\t\t\t<\/span>\n\t\t\t<span class=\"meta-sep\">|<\/span>\n\t\t\t\t\t\t<!--<span class=\"comments-link\"><span>Comentarios desactivados<span class=\"screen-reader-text\"> en <strong>Diplomatura 2023 en \u201cTransporte, Movilidad, Seguridad Vial y Log\u00edstica\u201d en la UTN *<\/strong><\/span><\/span><\/span>-->\n\t\t\t<\/div>\n<\/div>\n<!-- \/\/ End of Post Wrap -->\n<!-- NOTE: If you need to make changes to this file, copy it to your current theme's main\n\tdirectory so your changes won't be overwritten when the plugin is upgraded. -->\n\n<!-- Start of Post Wrap -->\n<div class=\"post hentry ivycat-post\">\n\t<!-- This is the output of the post TITLE -->\n\t<h2 class=\"entry-title\"><a href=\"https:\/\/c3t-utn.ar\/?p=335\">Informe t\u00e9cnico sobre tr\u00e1nsito de cargas en avda. Ing. Huergo de la C.A.B.A.\u201d <\/a><\/h2>\n\t<\/br>\n\t<b><i>1 enero, 2010<\/i><\/b> <!-- Agrego fecha en el POST. DAS 17\/10\/2017. Lo bajo una fila. DAS 07\/03\/2018-->\n\n\t<!-- This is the output of the EXCERPT -->\n\t<div class=\"entry-summary\">\n\t\t <!-- COMENTADO PORQUE NO MOSTRABA INFO COMPLETA. SE CAMBIO A THE_CONTENT. DAS 17\/10\/2017 -->\n\t\t<p style=\"text-align: right;\"><em>[2010]<\/em><\/p>\n<p style=\"text-align: justify;\">El presente informe da cuenta del estudio realzado sobre el transporte de cargas en la zona portuaria de la Ciudad de Buenos Aires. Los resultados obtenidos fueron a trav\u00e9s de relevamientos realizados sobre la Avenida Ing. Huergo durante los meses de junio y julio de 2010.\u00a0 El trabajo busca determinar la incidencia relativa de las actividades del Puerto de Buenos Aires en relaci\u00f3n al volumen de tr\u00e1nsito que circula por la mencionada Avenida Huergo-Madero.<\/p>\n<p style=\"text-align: justify;\">Puede descargar la primera parte del trabajo\u00a0<a href=\"http:\/\/c3t-utn.ar\/wp-content\/uploads\/2014\/10\/Informe-Huergo-Parte-1.pdf\">presionando aqu\u00ed<\/a>.<\/p>\n<p style=\"text-align: justify;\">Puede descargar la segunda\u00a0parte del trabajo <a href=\"http:\/\/c3t-utn.ar\/wp-content\/uploads\/2014\/10\/Informe-Huergo-Parte-2.pdf\">presionando aqu\u00ed<\/a>.<\/p>\n<p style=\"text-align: justify;\">Puede descargar la tercera\u00a0parte del trabajo <a href=\"http:\/\/c3t-utn.ar\/wp-content\/uploads\/2014\/10\/Informe-Huergo-Parte-3.pdf\">presionando aqu\u00ed<\/a>.<\/p>\n\t<\/div>\n\n\t<!-- This is the output of the META information -->\n\t<div class=\"entry-utility\">\n\t\t\t\t\t<span class=\"cat-links\">\n\t\t\t\t<span class=\"entry-utility-prep entry-utility-prep-cat-links\">Publicado en<\/span> <a href=\"https:\/\/c3t-utn.ar\/?cat=41\" rel=\"category\">Tr\u00e1nsito y Seguridad Vial<\/a>\t\t\t<\/span>\n\t\t\t<span class=\"meta-sep\">|<\/span>\n\t\t\t\t\t\t\t<span class=\"tag-links\">\n\t\t\t\t<span class=\"entry-utility-prep entry-utility-prep-tag-links\">Etiquetas<\/span> <a href=\"https:\/\/c3t-utn.ar\/?tag=cargas\" rel=\"tag\">Cargas<\/a>, <a href=\"https:\/\/c3t-utn.ar\/?tag=infraestructura\" rel=\"tag\">Infraestructura<\/a>, <a href=\"https:\/\/c3t-utn.ar\/?tag=logistica\" rel=\"tag\">Log\u00edstica<\/a>, <a href=\"https:\/\/c3t-utn.ar\/?tag=puertos\" rel=\"tag\">Puertos<\/a>, <a href=\"https:\/\/c3t-utn.ar\/?tag=seguridad-vial\" rel=\"tag\">Seguridad vial<\/a>, <a href=\"https:\/\/c3t-utn.ar\/?tag=transito\" rel=\"tag\">Tr\u00e1nsito<\/a>, <a href=\"https:\/\/c3t-utn.ar\/?tag=transporte-automotor\" rel=\"tag\">Transporte automotor<\/a>, <a href=\"https:\/\/c3t-utn.ar\/?tag=urbano\" rel=\"tag\">Urbano<\/a>\t\t\t<\/span>\n\t\t\t<!--<span class=\"meta-sep\">|<\/span>-->\n\t\t\t\t<!--<span class=\"comments-link\"><span>Comentarios desactivados<span class=\"screen-reader-text\"> en Informe t\u00e9cnico sobre tr\u00e1nsito de cargas en avda. Ing. Huergo de la C.A.B.A.\u201d<\/span><\/span><\/span>-->\n\t\t\t<\/div>\n<\/div>\n<!-- \/\/ End of Post Wrap -->\n<!-- NOTE: If you need to make changes to this file, copy it to your current theme's main\n\tdirectory so your changes won't be overwritten when the plugin is upgraded. -->\n\n<!-- Start of Post Wrap -->\n<div class=\"post hentry ivycat-post\">\n\t<!-- This is the output of the post TITLE -->\n\t<h2 class=\"entry-title\"><a href=\"https:\/\/c3t-utn.ar\/?p=340\">Veh\u00edculos de transporte automotor de pasajeros de doble piso. Estudio t\u00e9cnico: evaluaci\u00f3n de las condiciones de seguridad\u201d <\/a><\/h2>\n\t<\/br>\n\t<b><i>1 marzo, 2007<\/i><\/b> <!-- Agrego fecha en el POST. DAS 17\/10\/2017. Lo bajo una fila. DAS 07\/03\/2018-->\n\n\t<!-- This is the output of the EXCERPT -->\n\t<div class=\"entry-summary\">\n\t\t <!-- COMENTADO PORQUE NO MOSTRABA INFO COMPLETA. SE CAMBIO A THE_CONTENT. DAS 17\/10\/2017 -->\n\t\t<p style=\"text-align: right;\"><em>[Marzo de 2007]<\/em><\/p>\n<p style=\"text-align: justify;\">Los siniestros en los cuales se ven involucrados veh\u00edculos de transporte de pasajeros despiertan un significativo inter\u00e9s en la opini\u00f3n p\u00fablica, fundamentalmente motivado por la trascendencia que los mismos adquieren con respecto a otro tipo de accidentes de tr\u00e1nsito. Debido a la ocurrencia de accidentes en los que se han visto involucrados \u00f3mnibus afectados al transporte de pasajeros denominados de Doble Piso, se ha diseminado en la opini\u00f3n p\u00fablica la creencia de que este tipo de veh\u00edculos son inseguros, afirmaciones que se han realizado sin un adecuado sustento t\u00e9cnico o estad\u00edstico. Es por ello que este estudio persigue como objetivo tratar de determinar, en base a la informaci\u00f3n existente en nuestro pa\u00eds y su comparaci\u00f3n con otros pa\u00edses del mundo, si la utilizaci\u00f3n de este tipo de unidades tiene incidencia directa en la generaci\u00f3n de accidentes de tr\u00e1nsito.<\/p>\n<p style=\"text-align: justify;\">Puede descargar la primera parte del\u00a0trabajo <a href=\"http:\/\/c3t-utn.ar\/wp-content\/uploads\/2014\/10\/Informe-Tecnico-Doble-Piso-Parte-1.pdf\">presione aqu\u00ed<\/a>.<\/p>\n<p style=\"text-align: justify;\">Puede descargar la segunda\u00a0parte del\u00a0trabajo <a href=\"http:\/\/c3t-utn.ar\/wp-content\/uploads\/2014\/10\/Informe-Tecnico-Doble-Piso-Parte-2.pdf\">presione aqu\u00ed<\/a>.<\/p>\n<p style=\"text-align: justify;\">\n\t<\/div>\n\n\t<!-- This is the output of the META information -->\n\t<div class=\"entry-utility\">\n\t\t\t\t\t<span class=\"cat-links\">\n\t\t\t\t<span class=\"entry-utility-prep entry-utility-prep-cat-links\">Publicado en<\/span> <a href=\"https:\/\/c3t-utn.ar\/?cat=41\" rel=\"category\">Tr\u00e1nsito y Seguridad Vial<\/a>\t\t\t<\/span>\n\t\t\t<span class=\"meta-sep\">|<\/span>\n\t\t\t\t\t\t\t<span class=\"tag-links\">\n\t\t\t\t<span class=\"entry-utility-prep entry-utility-prep-tag-links\">Etiquetas<\/span> <a href=\"https:\/\/c3t-utn.ar\/?tag=colectivos\" rel=\"tag\">Colectivos<\/a>, <a href=\"https:\/\/c3t-utn.ar\/?tag=infraestructura\" rel=\"tag\">Infraestructura<\/a>, <a href=\"https:\/\/c3t-utn.ar\/?tag=interurbano\" rel=\"tag\">Interurbano<\/a>, <a href=\"https:\/\/c3t-utn.ar\/?tag=normativa\" rel=\"tag\">Normativa<\/a>, <a href=\"https:\/\/c3t-utn.ar\/?tag=pasajeros\" rel=\"tag\">Pasajeros<\/a>, <a href=\"https:\/\/c3t-utn.ar\/?tag=seguridad-vial\" rel=\"tag\">Seguridad vial<\/a>, <a href=\"https:\/\/c3t-utn.ar\/?tag=transito\" rel=\"tag\">Tr\u00e1nsito<\/a>, <a href=\"https:\/\/c3t-utn.ar\/?tag=transporte-automotor\" rel=\"tag\">Transporte automotor<\/a>\t\t\t<\/span>\n\t\t\t<!--<span class=\"meta-sep\">|<\/span>-->\n\t\t\t\t<!--<span class=\"comments-link\"><span>Comentarios desactivados<span class=\"screen-reader-text\"> en Veh\u00edculos de transporte automotor de pasajeros de doble piso. Estudio t\u00e9cnico: evaluaci\u00f3n de las condiciones de seguridad\u201d<\/span><\/span><\/span>-->\n\t\t\t<\/div>\n<\/div>\n<!-- \/\/ End of Post Wrap -->\n\n","protected":false},"excerpt":{"rendered":"<p>Trabajos publicados sobre Tr\u00e1nsito y Seguridad Vial<\/p>\n","protected":false},"author":1,"featured_media":0,"parent":1053,"menu_order":0,"comment_status":"open","ping_status":"open","template":"","meta":[],"_links":{"self":[{"href":"https:\/\/c3t-utn.ar\/index.php?rest_route=\/wp\/v2\/pages\/216"}],"collection":[{"href":"https:\/\/c3t-utn.ar\/index.php?rest_route=\/wp\/v2\/pages"}],"about":[{"href":"https:\/\/c3t-utn.ar\/index.php?rest_route=\/wp\/v2\/types\/page"}],"author":[{"embeddable":true,"href":"https:\/\/c3t-utn.ar\/index.php?rest_route=\/wp\/v2\/users\/1"}],"replies":[{"embeddable":true,"href":"https:\/\/c3t-utn.ar\/index.php?rest_route=%2Fwp%2Fv2%2Fcomments&post=216"}],"version-history":[{"count":4,"href":"https:\/\/c3t-utn.ar\/index.php?rest_route=\/wp\/v2\/pages\/216\/revisions"}],"predecessor-version":[{"id":467,"href":"https:\/\/c3t-utn.ar\/index.php?rest_route=\/wp\/v2\/pages\/216\/revisions\/467"}],"up":[{"embeddable":true,"href":"https:\/\/c3t-utn.ar\/index.php?rest_route=\/wp\/v2\/pages\/1053"}],"wp:attachment":[{"href":"https:\/\/c3t-utn.ar\/index.php?rest_route=%2Fwp%2Fv2%2Fmedia&parent=216"}],"curies":[{"name":"wp","href":"https:\/\/api.w.org\/{rel}","templated":true}]}}